{"id":830,"date":"2025-01-13T13:38:30","date_gmt":"2025-01-13T12:38:30","guid":{"rendered":"https:\/\/laciahealth.com\/?page_id=830"},"modified":"2025-01-13T13:40:01","modified_gmt":"2025-01-13T12:40:01","slug":"politica-de-privacidad","status":"publish","type":"page","link":"https:\/\/laciahealth.com\/?page_id=830","title":{"rendered":"Pol\u00edtica de privacidad"},"content":{"rendered":"\t\t<div data-elementor-type=\"wp-page\" data-elementor-id=\"830\" class=\"elementor elementor-830\" data-elementor-post-type=\"page\">\n\t\t\t\t<div class=\"elementor-element elementor-element-d1926d9 e-flex e-con-boxed e-con e-parent\" data-id=\"d1926d9\" data-element_type=\"container\" data-settings=\"{&quot;jet_parallax_layout_list&quot;:[]}\">\n\t\t\t\t\t<div class=\"e-con-inner\">\n\t\t\t\t<div class=\"elementor-element elementor-element-82302a4 elementor-widget elementor-widget-heading\" data-id=\"82302a4\" data-element_type=\"widget\" data-widget_type=\"heading.default\">\n\t\t\t\t<div class=\"elementor-widget-container\">\n\t\t\t\t\t<h1 class=\"elementor-heading-title elementor-size-default\">Pol\u00edtica de privacidad<\/h1>\t\t\t\t<\/div>\n\t\t\t\t<\/div>\n\t\t\t\t<div class=\"elementor-element elementor-element-bac09fd elementor-widget elementor-widget-text-editor\" data-id=\"bac09fd\" data-element_type=\"widget\" data-widget_type=\"text-editor.default\">\n\t\t\t\t<div class=\"elementor-widget-container\">\n\t\t\t\t\t\t\t\t\t<ol><li><strong>Qui\u00e9nes somos<\/strong><br \/>Lac\u00eda Data SL (\u00abnosotros\u00bb, \u00abnos\u00bb o \u00abnuestro\u00bb) opera el sitio web www.qualiview.io (\u00abel sitio web\u00bb).<\/li><li><strong>Qu\u00e9 datos personales recopilamos y por qu\u00e9 los recopilamos<\/strong><ol><li>a.\u00a0<strong>Formulario de contacto<\/strong><br \/>Cuando rellenas el formulario de contacto en nuestro sitio web, recopilamos tu nombre, direcci\u00f3n de correo electr\u00f3nico, empresa y cualquier informaci\u00f3n adicional que proporciones en el mensaje. Recopilamos estos datos para establecer relaciones comerciales contigo y responder a tus consultas.<\/li><li>b.\u00a0<strong>Cookies y Google Analytics<\/strong><br \/>Utilizamos cookies de Google Analytics para rastrear el comportamiento del usuario en nuestro sitio web, lo que nos ayuda a mejorar nuestros servicios. Google Analytics recopila datos an\u00f3nimos como tu direcci\u00f3n IP, historial de navegaci\u00f3n en nuestro sitio y otra informaci\u00f3n de uso. Puedes leer la pol\u00edtica de privacidad de Google en\u00a0<a href=\"https:\/\/policies.google.com\/privacy\" target=\"_blank\" rel=\"noopener\">https:\/\/policies.google.com\/privacy<\/a>.<\/li><\/ol><\/li><li><strong>C\u00f3mo protegemos tus datos<\/strong><br \/>Estamos comprometidos en garantizar la seguridad de tus datos personales. Utilizamos la tecnolog\u00eda Secure Socket Layer (SSL) para cifrar y proteger la informaci\u00f3n transmitida a trav\u00e9s de nuestro sitio web.<\/li><li><strong>Retenci\u00f3n de datos<\/strong><br \/>Conservamos los datos personales recopilados de los usuarios de acuerdo con las pol\u00edticas de retenci\u00f3n de datos de Google Analytics. Puedes revisar la configuraci\u00f3n de retenci\u00f3n de datos en tu cuenta de Google Analytics.<\/li><li><strong>Tus derechos bajo el GDPR<\/strong><br \/>Seg\u00fan el Reglamento General de Protecci\u00f3n de Datos (GDPR), tienes derecho a acceder, rectificar o borrar tus datos personales. Para ejercer cualquiera de estos derechos o solicitar m\u00e1s informaci\u00f3n sobre nuestras pr\u00e1cticas de privacidad, comun\u00edcate con la persona de contacto designada responsable de los asuntos de protecci\u00f3n de datos en <a href=\"mailto:hello@laciahealth.com\">hello@laciahealth.com<\/a>.<\/li><li><strong>Cambios en esta pol\u00edtica de privacidad<\/strong><br \/>Podemos actualizar esta pol\u00edtica de privacidad de vez en cuando para reflejar cambios en nuestras pr\u00e1cticas de procesamiento de datos. Te recomendamos que revises esta pol\u00edtica de privacidad peri\u00f3dicamente para conocer las actualizaciones.<\/li><\/ol>\t\t\t\t\t\t\t\t<\/div>\n\t\t\t\t<\/div>\n\t\t\t\t\t<\/div>\n\t\t\t\t<\/div>\n\t\t\t\t<\/div>\n\t\t","protected":false},"excerpt":{"rendered":"<p>Qui\u00e9nes somosLac\u00eda Data SL (\u00abnosotros\u00bb, \u00abnos\u00bb o \u00abnuestro\u00bb) opera el sitio web www.qualiview.io (\u00abel sitio web\u00bb). Qu\u00e9 datos personales recopilamos y por qu\u00e9 los recopilamos a.\u00a0Formulario de contactoCuando rellenas el formulario de contacto en nuestro sitio web, recopilamos tu nombre, direcci\u00f3n de correo electr\u00f3nico, empresa y cualquier informaci\u00f3n adicional que proporciones en el mensaje. Recopilamos [&hellip;]<\/p>\n","protected":false},"author":1,"featured_media":0,"parent":0,"menu_order":0,"comment_status":"closed","ping_status":"closed","template":"","meta":{"footnotes":""},"class_list":["post-830","page","type-page","status-publish","hentry"],"_links":{"self":[{"href":"https:\/\/laciahealth.com\/index.php?rest_route=\/wp\/v2\/pages\/830","targetHints":{"allow":["GET"]}}],"collection":[{"href":"https:\/\/laciahealth.com\/index.php?rest_route=\/wp\/v2\/pages"}],"about":[{"href":"https:\/\/laciahealth.com\/index.php?rest_route=\/wp\/v2\/types\/page"}],"author":[{"embeddable":true,"href":"https:\/\/laciahealth.com\/index.php?rest_route=\/wp\/v2\/users\/1"}],"replies":[{"embeddable":true,"href":"https:\/\/laciahealth.com\/index.php?rest_route=%2Fwp%2Fv2%2Fcomments&post=830"}],"version-history":[{"count":3,"href":"https:\/\/laciahealth.com\/index.php?rest_route=\/wp\/v2\/pages\/830\/revisions"}],"predecessor-version":[{"id":833,"href":"https:\/\/laciahealth.com\/index.php?rest_route=\/wp\/v2\/pages\/830\/revisions\/833"}],"wp:attachment":[{"href":"https:\/\/laciahealth.com\/index.php?rest_route=%2Fwp%2Fv2%2Fmedia&parent=830"}],"curies":[{"name":"wp","href":"https:\/\/api.w.org\/{rel}","templated":true}]}}